{"id":438,"date":"2015-08-17T12:19:40","date_gmt":"2015-08-17T10:19:40","guid":{"rendered":"http:\/\/www.percussieschool.com\/?page_id=438"},"modified":"2018-09-14T09:00:13","modified_gmt":"2018-09-14T07:00:13","slug":"multi-media-lessen","status":"publish","type":"page","link":"https:\/\/www.percussieschool.com\/?page_id=438","title":{"rendered":"Multi Media lessen"},"content":{"rendered":"<p>Ik deel de mening van deze gigant van wereld klasse volledig. (zie de YT link hieronder)<\/p>\n<p>Daarom kun je hier bij Percussieschool Bracumba ook les krijgen hoe je het moet aanpakken een goede productie van jezelf te maken. Je bent bij ons, zeker ook wat dat betreft, op een goede plek.<\/p>\n<p>Als natuurkundig ingenieur, Apple Certified Pro \u00e9n zeer ervaren musicus (die al vele jaren zijn eigen producties maakt) kan ik je snel, doeltreffend en goed onderbouwd helpen. Maak gerust eens contact , om te kijken wat hier te vinden is, \u00f3\u00f3k of zelfs j\u00faist ook, op dit terrein.<\/p>\n<p><span class=\"embed-youtube\" style=\"text-align:center; display: block;\"><iframe loading=\"lazy\" class=\"youtube-player\" width=\"640\" height=\"360\" src=\"https:\/\/www.youtube.com\/embed\/4Q81ZHLHDrQ?version=3&#038;rel=1&#038;showsearch=0&#038;showinfo=1&#038;iv_load_policy=1&#038;fs=1&#038;hl=en-US&#038;autohide=2&#038;wmode=transparent\" allowfullscreen=\"true\" style=\"border:0;\" sandbox=\"allow-scripts allow-same-origin allow-popups allow-presentation allow-popups-to-escape-sandbox\"><\/iframe><\/span><\/p>\n<p><a href=\"https:\/\/youtu.be\/4Q81ZHLHDrQ\" target=\"_blank\" rel=\"noopener\">Drummer Tommy Igoe on teaching drums<\/a><\/p>\n<p>At Percussieschool Bracumba we are in the business of teaching (percussion) Music. \u00c1nd we teach musicians how to benifit from their iPhone or iPad to make their own promo. Low budget ! This example is done with mama&#8217;s old iPad mini, Renee&#8217;s old iPod and papa&#8217;s old iPad3 and more lately the iPad air 1.<\/p>\n<p>As a family we still enjoy performing ourselfs as wel. Our version of a classic song &#8220;The Circle of Life&#8221;<\/p>\n<p><span class=\"embed-youtube\" style=\"text-align:center; display: block;\"><iframe loading=\"lazy\" class=\"youtube-player\" width=\"640\" height=\"360\" src=\"https:\/\/www.youtube.com\/embed\/kXTQtB-VGKs?version=3&#038;rel=1&#038;showsearch=0&#038;showinfo=1&#038;iv_load_policy=1&#038;fs=1&#038;hl=en-US&#038;autohide=2&#038;wmode=transparent\" allowfullscreen=\"true\" style=\"border:0;\" sandbox=\"allow-scripts allow-same-origin allow-popups allow-presentation allow-popups-to-escape-sandbox\"><\/iframe><\/span><\/p>\n<p>Wil je als musicus\/technicus het maximaal rendement uit je iPad halen, bijvoorbeeld door het bouwen van je eigen control surface ? Ook die kennis en kunde kun je vinden bij Percussieschool Bracumba !<\/p>\n<p><a href=\"https:\/\/i0.wp.com\/www.percussieschool.com\/wp-content\/uploads\/2015\/08\/IMG_5473.jpg\"><img data-recalc-dims=\"1\" loading=\"lazy\" decoding=\"async\" data-attachment-id=\"460\" data-permalink=\"https:\/\/www.percussieschool.com\/?attachment_id=460\" data-orig-file=\"https:\/\/i0.wp.com\/www.percussieschool.com\/wp-content\/uploads\/2015\/08\/IMG_5473.jpg?fit=2048%2C1536&amp;ssl=1\" data-orig-size=\"2048,1536\" data-comments-opened=\"1\" data-image-meta=\"{&quot;aperture&quot;:&quot;0&quot;,&quot;credit&quot;:&quot;&quot;,&quot;camera&quot;:&quot;&quot;,&quot;caption&quot;:&quot;&quot;,&quot;created_timestamp&quot;:&quot;1440688141&quot;,&quot;copyright&quot;:&quot;&quot;,&quot;focal_length&quot;:&quot;0&quot;,&quot;iso&quot;:&quot;0&quot;,&quot;shutter_speed&quot;:&quot;0&quot;,&quot;title&quot;:&quot;&quot;,&quot;orientation&quot;:&quot;1&quot;}\" data-image-title=\"IMG_5473\" data-image-description=\"\" data-image-caption=\"\" data-medium-file=\"https:\/\/i0.wp.com\/www.percussieschool.com\/wp-content\/uploads\/2015\/08\/IMG_5473.jpg?fit=300%2C225&amp;ssl=1\" data-large-file=\"https:\/\/i0.wp.com\/www.percussieschool.com\/wp-content\/uploads\/2015\/08\/IMG_5473.jpg?fit=1024%2C768&amp;ssl=1\" class=\"aligncenter size-full wp-image-460\" src=\"https:\/\/i0.wp.com\/www.percussieschool.com\/wp-content\/uploads\/2015\/08\/IMG_5473.jpg?resize=2048%2C1536\" alt=\"IMG_5473\" width=\"2048\" height=\"1536\" srcset=\"https:\/\/i0.wp.com\/www.percussieschool.com\/wp-content\/uploads\/2015\/08\/IMG_5473.jpg?w=2048&amp;ssl=1 2048w, https:\/\/i0.wp.com\/www.percussieschool.com\/wp-content\/uploads\/2015\/08\/IMG_5473.jpg?resize=300%2C225&amp;ssl=1 300w, https:\/\/i0.wp.com\/www.percussieschool.com\/wp-content\/uploads\/2015\/08\/IMG_5473.jpg?resize=1024%2C768&amp;ssl=1 1024w\" sizes=\"auto, (max-width: 1000px) 100vw, 1000px\" \/><\/a><\/p>\n<p>&nbsp;<\/p>\n<p>Hieronder een voorbeeld van een &#8220;technische &#8221; les:<\/p>\n<p>Ben je een musicus\/technicus met een iPad, die zin heeft aan Lemur te beginnen, kan dit filmpje je een snelle, goede start geven.<br \/>\nIk denk dat het kunnen programmeren van je eigen iPad of iPhone, tot een &#8220;custom build control surface&#8221; tot de basisvaardigheden van iedere musicus\/technicus zou moeten horen in deze tijd.<br \/>\nHandig voor in je studio. Maar ook voor live toepassingen is van alles zinvol (\u00e9n leuk) te verzinnen met zo een vaardigheid.<br \/>\nDoe mee, ..zet hem op, ..hou vol, ..kom eens langs ?<\/p>\n<p><span class=\"embed-youtube\" style=\"text-align:center; display: block;\"><iframe loading=\"lazy\" class=\"youtube-player\" width=\"640\" height=\"360\" src=\"https:\/\/www.youtube.com\/embed\/PA-yMSu3tAI?version=3&#038;rel=1&#038;showsearch=0&#038;showinfo=1&#038;iv_load_policy=1&#038;fs=1&#038;hl=en-US&#038;autohide=2&#038;wmode=transparent\" allowfullscreen=\"true\" style=\"border:0;\" sandbox=\"allow-scripts allow-same-origin allow-popups allow-presentation allow-popups-to-escape-sandbox\"><\/iframe><\/span><\/p>\n<p>Tot slot\u00a0nog een filmpje van een praktisch eindresultaat. Hoe wij zelf de iPad naar onze eigen wensen hebben ingericht, om de lessen hier maximaal te kunnen ondersteunen.<\/p>\n<p><span class=\"embed-youtube\" style=\"text-align:center; display: block;\"><iframe loading=\"lazy\" class=\"youtube-player\" width=\"640\" height=\"360\" src=\"https:\/\/www.youtube.com\/embed\/XwG6JnJ0HRI?version=3&#038;rel=1&#038;showsearch=0&#038;showinfo=1&#038;iv_load_policy=1&#038;fs=1&#038;hl=en-US&#038;autohide=2&#038;wmode=transparent\" allowfullscreen=\"true\" style=\"border:0;\" sandbox=\"allow-scripts allow-same-origin allow-popups allow-presentation allow-popups-to-escape-sandbox\"><\/iframe><\/span><\/p>\n<p>Of echt als laatste voorbeeld: Renee\u2019s \u00a0nieuwe opstelling is \u201cpowered\u201d door MainStage en controleert ze zelf middels een iPad onder haar keyboard (\u201cpowered\u201d door Lemur). Werkt en klinkt allemaal eerste klas ! (Alles \u201ccustom build\u201d door papa\u2026..)<\/p>\n<p><img data-recalc-dims=\"1\" loading=\"lazy\" decoding=\"async\" data-attachment-id=\"735\" data-permalink=\"https:\/\/www.percussieschool.com\/?attachment_id=735\" data-orig-file=\"https:\/\/i0.wp.com\/www.percussieschool.com\/wp-content\/uploads\/2016\/06\/Image-26-copy-1.jpg?fit=2048%2C1536&amp;ssl=1\" data-orig-size=\"2048,1536\" data-comments-opened=\"1\" data-image-meta=\"{&quot;aperture&quot;:&quot;0&quot;,&quot;credit&quot;:&quot;&quot;,&quot;camera&quot;:&quot;&quot;,&quot;caption&quot;:&quot;&quot;,&quot;created_timestamp&quot;:&quot;1465675632&quot;,&quot;copyright&quot;:&quot;&quot;,&quot;focal_length&quot;:&quot;0&quot;,&quot;iso&quot;:&quot;0&quot;,&quot;shutter_speed&quot;:&quot;0&quot;,&quot;title&quot;:&quot;&quot;,&quot;orientation&quot;:&quot;1&quot;}\" data-image-title=\"Image 26 copy 1\" data-image-description=\"\" data-image-caption=\"\" data-medium-file=\"https:\/\/i0.wp.com\/www.percussieschool.com\/wp-content\/uploads\/2016\/06\/Image-26-copy-1.jpg?fit=300%2C225&amp;ssl=1\" data-large-file=\"https:\/\/i0.wp.com\/www.percussieschool.com\/wp-content\/uploads\/2016\/06\/Image-26-copy-1.jpg?fit=1024%2C768&amp;ssl=1\" class=\"aligncenter size-full wp-image-735\" src=\"https:\/\/i0.wp.com\/www.percussieschool.com\/wp-content\/uploads\/2016\/06\/Image-26-copy-1.jpg?resize=2048%2C1536\" alt=\"Image 26 copy 1\" width=\"2048\" height=\"1536\" srcset=\"https:\/\/i0.wp.com\/www.percussieschool.com\/wp-content\/uploads\/2016\/06\/Image-26-copy-1.jpg?w=2048&amp;ssl=1 2048w, https:\/\/i0.wp.com\/www.percussieschool.com\/wp-content\/uploads\/2016\/06\/Image-26-copy-1.jpg?resize=300%2C225&amp;ssl=1 300w, https:\/\/i0.wp.com\/www.percussieschool.com\/wp-content\/uploads\/2016\/06\/Image-26-copy-1.jpg?resize=768%2C576&amp;ssl=1 768w, https:\/\/i0.wp.com\/www.percussieschool.com\/wp-content\/uploads\/2016\/06\/Image-26-copy-1.jpg?resize=1024%2C768&amp;ssl=1 1024w\" sizes=\"auto, (max-width: 1000px) 100vw, 1000px\" \/><\/p>\n","protected":false},"excerpt":{"rendered":"<p>Ik deel de mening van deze gigant van wereld klasse volledig. (zie de YT link hieronder) Daarom kun je hier bij Percussieschool Bracumba ook les krijgen hoe je het moet aanpakken een goede productie van jezelf te maken. Je bent bij ons, zeker ook wat dat betreft, op een goede plek. Als natuurkundig ingenieur, Apple Certified Pro \u00e9n zeer ervaren musicus (die al vele jaren zijn eigen producties maakt) kan ik je snel,.. <a href=\"https:\/\/www.percussieschool.com\/?page_id=438\">Read More<\/a><\/p>\n","protected":false},"author":2,"featured_media":0,"parent":445,"menu_order":0,"comment_status":"open","ping_status":"open","template":"","meta":{"jetpack_post_was_ever_published":false,"footnotes":""},"class_list":["post-438","page","type-page","status-publish","hentry"],"jetpack_sharing_enabled":true,"jetpack_shortlink":"https:\/\/wp.me\/P96C80-74","_links":{"self":[{"href":"https:\/\/www.percussieschool.com\/index.php?rest_route=\/wp\/v2\/pages\/438","targetHints":{"allow":["GET"]}}],"collection":[{"href":"https:\/\/www.percussieschool.com\/index.php?rest_route=\/wp\/v2\/pages"}],"about":[{"href":"https:\/\/www.percussieschool.com\/index.php?rest_route=\/wp\/v2\/types\/page"}],"author":[{"embeddable":true,"href":"https:\/\/www.percussieschool.com\/index.php?rest_route=\/wp\/v2\/users\/2"}],"replies":[{"embeddable":true,"href":"https:\/\/www.percussieschool.com\/index.php?rest_route=%2Fwp%2Fv2%2Fcomments&post=438"}],"version-history":[{"count":15,"href":"https:\/\/www.percussieschool.com\/index.php?rest_route=\/wp\/v2\/pages\/438\/revisions"}],"predecessor-version":[{"id":1231,"href":"https:\/\/www.percussieschool.com\/index.php?rest_route=\/wp\/v2\/pages\/438\/revisions\/1231"}],"up":[{"embeddable":true,"href":"https:\/\/www.percussieschool.com\/index.php?rest_route=\/wp\/v2\/pages\/445"}],"wp:attachment":[{"href":"https:\/\/www.percussieschool.com\/index.php?rest_route=%2Fwp%2Fv2%2Fmedia&parent=438"}],"curies":[{"name":"wp","href":"https:\/\/api.w.org\/{rel}","templated":true}]}}