{"id":8,"date":"2014-09-04T12:46:26","date_gmt":"2014-09-04T12:46:26","guid":{"rendered":"http:\/\/www.percussieschool.com\/?page_id=8"},"modified":"2017-08-25T17:58:35","modified_gmt":"2017-08-25T15:58:35","slug":"kinderen","status":"publish","type":"page","link":"https:\/\/www.percussieschool.com\/?page_id=8","title":{"rendered":"Muziek lessen"},"content":{"rendered":"<h3>Wanneer en voor wie ?<\/h3>\n<p>De lessen worden gegeven \u00e9\u00e9n op \u00e9\u00e9n, tot kleine groepjes van bij voorkeur niet meer dan 5 mensen. Er kan les worden genomen op een ruime keus aan percussie instrumenten en in diverse stijlen. Drumles hoort ook tot de mogelijkheden, maar gaat altijd \u00e9\u00e9n op \u00e9\u00e9n. Er is geen leeftijd grens. De jongste leerling nu is zeven en de oudste zestig plus. Toelatings eisen zijn er ook niet. Ik ga er van uit dat je gemotiveerd \u00e8n ritmisch bent.<br \/>\nDe vaste lesdagen zijn maandag en woensdag. Overdag en vroeg in de avond voor de priv\u00e9 lessen.<br \/>\nDe avonden zijn voor de groeps lessen. Lessen op donderdag zijn bespreekbaar.<\/p>\n<p>De sfeer en het onderlinge contact hier bij Bracumba is altijd uitzonderlijk goed. Wanneer we de passie voor percussie met je delen, ben je hier altijd welkom. Onafhankelijk van instap nivo.<\/p>\n<p><img data-recalc-dims=\"1\" loading=\"lazy\" decoding=\"async\" data-attachment-id=\"101\" data-permalink=\"https:\/\/www.percussieschool.com\/?attachment_id=101\" data-orig-file=\"https:\/\/i0.wp.com\/www.percussieschool.com\/wp-content\/uploads\/2014\/09\/IMG_2321.jpg?fit=2048%2C1536&amp;ssl=1\" data-orig-size=\"2048,1536\" data-comments-opened=\"1\" data-image-meta=\"{&quot;aperture&quot;:&quot;3.5&quot;,&quot;credit&quot;:&quot;&quot;,&quot;camera&quot;:&quot;Canon PowerShot SX260 HS&quot;,&quot;caption&quot;:&quot;&quot;,&quot;created_timestamp&quot;:&quot;1371919551&quot;,&quot;copyright&quot;:&quot;&quot;,&quot;focal_length&quot;:&quot;4.5&quot;,&quot;iso&quot;:&quot;1000&quot;,&quot;shutter_speed&quot;:&quot;0.05&quot;,&quot;title&quot;:&quot;&quot;,&quot;orientation&quot;:&quot;1&quot;}\" data-image-title=\"IMG_2321\" data-image-description=\"\" data-image-caption=\"\" data-medium-file=\"https:\/\/i0.wp.com\/www.percussieschool.com\/wp-content\/uploads\/2014\/09\/IMG_2321.jpg?fit=300%2C225&amp;ssl=1\" data-large-file=\"https:\/\/i0.wp.com\/www.percussieschool.com\/wp-content\/uploads\/2014\/09\/IMG_2321.jpg?fit=1024%2C768&amp;ssl=1\" class=\"aligncenter wp-image-101 size-full\" src=\"https:\/\/i0.wp.com\/www.percussieschool.com\/wp-content\/uploads\/2014\/09\/IMG_2321.jpg?resize=2048%2C1536\" alt=\"IMG_2321\" width=\"2048\" height=\"1536\" srcset=\"https:\/\/i0.wp.com\/www.percussieschool.com\/wp-content\/uploads\/2014\/09\/IMG_2321.jpg?w=2048&amp;ssl=1 2048w, https:\/\/i0.wp.com\/www.percussieschool.com\/wp-content\/uploads\/2014\/09\/IMG_2321.jpg?resize=300%2C225&amp;ssl=1 300w, https:\/\/i0.wp.com\/www.percussieschool.com\/wp-content\/uploads\/2014\/09\/IMG_2321.jpg?resize=1024%2C768&amp;ssl=1 1024w\" sizes=\"auto, (max-width: 1000px) 100vw, 1000px\" \/><\/p>\n<p><img data-recalc-dims=\"1\" loading=\"lazy\" decoding=\"async\" data-attachment-id=\"105\" data-permalink=\"https:\/\/www.percussieschool.com\/?attachment_id=105\" data-orig-file=\"https:\/\/i0.wp.com\/www.percussieschool.com\/wp-content\/uploads\/2014\/09\/IMG_2846.jpg?fit=2592%2C1936&amp;ssl=1\" data-orig-size=\"2592,1936\" data-comments-opened=\"1\" data-image-meta=\"{&quot;aperture&quot;:&quot;2.4&quot;,&quot;credit&quot;:&quot;&quot;,&quot;camera&quot;:&quot;iPad&quot;,&quot;caption&quot;:&quot;&quot;,&quot;created_timestamp&quot;:&quot;1379531163&quot;,&quot;copyright&quot;:&quot;&quot;,&quot;focal_length&quot;:&quot;4.28&quot;,&quot;iso&quot;:&quot;100&quot;,&quot;shutter_speed&quot;:&quot;0.066666666666667&quot;,&quot;title&quot;:&quot;&quot;,&quot;orientation&quot;:&quot;1&quot;}\" data-image-title=\"IMG_2846\" data-image-description=\"\" data-image-caption=\"\" data-medium-file=\"https:\/\/i0.wp.com\/www.percussieschool.com\/wp-content\/uploads\/2014\/09\/IMG_2846.jpg?fit=300%2C224&amp;ssl=1\" data-large-file=\"https:\/\/i0.wp.com\/www.percussieschool.com\/wp-content\/uploads\/2014\/09\/IMG_2846.jpg?fit=1024%2C764&amp;ssl=1\" class=\"aligncenter size-full wp-image-105\" src=\"https:\/\/i0.wp.com\/www.percussieschool.com\/wp-content\/uploads\/2014\/09\/IMG_2846.jpg?resize=2592%2C1936\" alt=\"IMG_2846\" width=\"2592\" height=\"1936\" srcset=\"https:\/\/i0.wp.com\/www.percussieschool.com\/wp-content\/uploads\/2014\/09\/IMG_2846.jpg?w=2592&amp;ssl=1 2592w, https:\/\/i0.wp.com\/www.percussieschool.com\/wp-content\/uploads\/2014\/09\/IMG_2846.jpg?resize=300%2C224&amp;ssl=1 300w, https:\/\/i0.wp.com\/www.percussieschool.com\/wp-content\/uploads\/2014\/09\/IMG_2846.jpg?resize=1024%2C764&amp;ssl=1 1024w, https:\/\/i0.wp.com\/www.percussieschool.com\/wp-content\/uploads\/2014\/09\/IMG_2846.jpg?w=2000 2000w\" sizes=\"auto, (max-width: 1000px) 100vw, 1000px\" \/><\/p>\n<p><img data-recalc-dims=\"1\" loading=\"lazy\" decoding=\"async\" data-attachment-id=\"82\" data-permalink=\"https:\/\/www.percussieschool.com\/?attachment_id=82\" data-orig-file=\"https:\/\/i0.wp.com\/www.percussieschool.com\/wp-content\/uploads\/2014\/09\/IMG_0577.jpg?fit=2592%2C1936&amp;ssl=1\" data-orig-size=\"2592,1936\" data-comments-opened=\"1\" data-image-meta=\"{&quot;aperture&quot;:&quot;0&quot;,&quot;credit&quot;:&quot;&quot;,&quot;camera&quot;:&quot;&quot;,&quot;caption&quot;:&quot;&quot;,&quot;created_timestamp&quot;:&quot;&quot;,&quot;copyright&quot;:&quot;&quot;,&quot;focal_length&quot;:&quot;0&quot;,&quot;iso&quot;:&quot;0&quot;,&quot;shutter_speed&quot;:&quot;0&quot;,&quot;title&quot;:&quot;&quot;,&quot;orientation&quot;:&quot;0&quot;}\" data-image-title=\"IMG_0577\" data-image-description=\"\" data-image-caption=\"\" data-medium-file=\"https:\/\/i0.wp.com\/www.percussieschool.com\/wp-content\/uploads\/2014\/09\/IMG_0577.jpg?fit=300%2C224&amp;ssl=1\" data-large-file=\"https:\/\/i0.wp.com\/www.percussieschool.com\/wp-content\/uploads\/2014\/09\/IMG_0577.jpg?fit=1024%2C764&amp;ssl=1\" class=\"aligncenter size-full wp-image-82\" src=\"https:\/\/i0.wp.com\/www.percussieschool.com\/wp-content\/uploads\/2014\/09\/IMG_0577.jpg?resize=2592%2C1936\" alt=\"IMG_0577\" width=\"2592\" height=\"1936\" srcset=\"https:\/\/i0.wp.com\/www.percussieschool.com\/wp-content\/uploads\/2014\/09\/IMG_0577.jpg?w=2592&amp;ssl=1 2592w, https:\/\/i0.wp.com\/www.percussieschool.com\/wp-content\/uploads\/2014\/09\/IMG_0577.jpg?resize=300%2C224&amp;ssl=1 300w, https:\/\/i0.wp.com\/www.percussieschool.com\/wp-content\/uploads\/2014\/09\/IMG_0577.jpg?resize=1024%2C764&amp;ssl=1 1024w, https:\/\/i0.wp.com\/www.percussieschool.com\/wp-content\/uploads\/2014\/09\/IMG_0577.jpg?w=2000 2000w\" sizes=\"auto, (max-width: 1000px) 100vw, 1000px\" \/><\/p>\n<p><img data-recalc-dims=\"1\" loading=\"lazy\" decoding=\"async\" data-attachment-id=\"102\" data-permalink=\"https:\/\/www.percussieschool.com\/?attachment_id=102\" data-orig-file=\"https:\/\/i0.wp.com\/www.percussieschool.com\/wp-content\/uploads\/2014\/09\/IMG_2671.jpg?fit=2057%2C1536&amp;ssl=1\" data-orig-size=\"2057,1536\" data-comments-opened=\"1\" data-image-meta=\"{&quot;aperture&quot;:&quot;2.4&quot;,&quot;credit&quot;:&quot;&quot;,&quot;camera&quot;:&quot;iPad&quot;,&quot;caption&quot;:&quot;&quot;,&quot;created_timestamp&quot;:&quot;1377620856&quot;,&quot;copyright&quot;:&quot;&quot;,&quot;focal_length&quot;:&quot;4.28&quot;,&quot;iso&quot;:&quot;80&quot;,&quot;shutter_speed&quot;:&quot;0.066666666666667&quot;,&quot;title&quot;:&quot;&quot;,&quot;orientation&quot;:&quot;1&quot;}\" data-image-title=\"IMG_2671\" data-image-description=\"\" data-image-caption=\"\" data-medium-file=\"https:\/\/i0.wp.com\/www.percussieschool.com\/wp-content\/uploads\/2014\/09\/IMG_2671.jpg?fit=300%2C224&amp;ssl=1\" data-large-file=\"https:\/\/i0.wp.com\/www.percussieschool.com\/wp-content\/uploads\/2014\/09\/IMG_2671.jpg?fit=1024%2C764&amp;ssl=1\" class=\"aligncenter size-full wp-image-102\" src=\"https:\/\/i0.wp.com\/www.percussieschool.com\/wp-content\/uploads\/2014\/09\/IMG_2671.jpg?resize=2057%2C1536\" alt=\"IMG_2671\" width=\"2057\" height=\"1536\" srcset=\"https:\/\/i0.wp.com\/www.percussieschool.com\/wp-content\/uploads\/2014\/09\/IMG_2671.jpg?w=2057&amp;ssl=1 2057w, https:\/\/i0.wp.com\/www.percussieschool.com\/wp-content\/uploads\/2014\/09\/IMG_2671.jpg?resize=300%2C224&amp;ssl=1 300w, https:\/\/i0.wp.com\/www.percussieschool.com\/wp-content\/uploads\/2014\/09\/IMG_2671.jpg?resize=1024%2C764&amp;ssl=1 1024w, https:\/\/i0.wp.com\/www.percussieschool.com\/wp-content\/uploads\/2014\/09\/IMG_2671.jpg?w=2000 2000w\" sizes=\"auto, (max-width: 1000px) 100vw, 1000px\" \/><\/p>\n<p><img data-recalc-dims=\"1\" loading=\"lazy\" decoding=\"async\" data-attachment-id=\"84\" data-permalink=\"https:\/\/www.percussieschool.com\/?attachment_id=84\" data-orig-file=\"https:\/\/i0.wp.com\/www.percussieschool.com\/wp-content\/uploads\/2014\/09\/IMG_1391.jpg?fit=3264%2C3264&amp;ssl=1\" data-orig-size=\"3264,3264\" data-comments-opened=\"1\" data-image-meta=\"{&quot;aperture&quot;:&quot;0&quot;,&quot;credit&quot;:&quot;&quot;,&quot;camera&quot;:&quot;iPad Air&quot;,&quot;caption&quot;:&quot;&quot;,&quot;created_timestamp&quot;:&quot;1402013892&quot;,&quot;copyright&quot;:&quot;&quot;,&quot;focal_length&quot;:&quot;0&quot;,&quot;iso&quot;:&quot;0&quot;,&quot;shutter_speed&quot;:&quot;0&quot;,&quot;title&quot;:&quot;Processed with Moldiv&quot;,&quot;orientation&quot;:&quot;1&quot;}\" data-image-title=\"Processed with Moldiv\" data-image-description=\"\" data-image-caption=\"\" data-medium-file=\"https:\/\/i0.wp.com\/www.percussieschool.com\/wp-content\/uploads\/2014\/09\/IMG_1391.jpg?fit=300%2C300&amp;ssl=1\" data-large-file=\"https:\/\/i0.wp.com\/www.percussieschool.com\/wp-content\/uploads\/2014\/09\/IMG_1391.jpg?fit=1024%2C1024&amp;ssl=1\" class=\"aligncenter wp-image-84 size-full\" src=\"https:\/\/i0.wp.com\/www.percussieschool.com\/wp-content\/uploads\/2014\/09\/IMG_1391.jpg?resize=3264%2C3264\" alt=\"Processed with Moldiv\" width=\"3264\" height=\"3264\" srcset=\"https:\/\/i0.wp.com\/www.percussieschool.com\/wp-content\/uploads\/2014\/09\/IMG_1391.jpg?w=3264&amp;ssl=1 3264w, https:\/\/i0.wp.com\/www.percussieschool.com\/wp-content\/uploads\/2014\/09\/IMG_1391.jpg?resize=150%2C150&amp;ssl=1 150w, https:\/\/i0.wp.com\/www.percussieschool.com\/wp-content\/uploads\/2014\/09\/IMG_1391.jpg?resize=300%2C300&amp;ssl=1 300w, https:\/\/i0.wp.com\/www.percussieschool.com\/wp-content\/uploads\/2014\/09\/IMG_1391.jpg?resize=1024%2C1024&amp;ssl=1 1024w, https:\/\/i0.wp.com\/www.percussieschool.com\/wp-content\/uploads\/2014\/09\/IMG_1391.jpg?w=2000 2000w, https:\/\/i0.wp.com\/www.percussieschool.com\/wp-content\/uploads\/2014\/09\/IMG_1391.jpg?w=3000 3000w\" sizes=\"auto, (max-width: 1000px) 100vw, 1000px\" \/><\/p>\n<p style=\"text-align: center;\">&#8212;&#8212;&#8212;&#8212;&#8212;&#8212;&#8212;&#8212;&#8212;&#8212;&#8212;&#8212;&#8212;&#8212;&#8212;&#8212;&#8212;&#8212;&#8212;&#8212;&#8212;&#8212;&#8212;&#8211;<\/p>\n<p>Luuk na 5 djembe lessen. Een djembe om te oefenen thuis heeft hij (nog) niet. Geen Probleem voor Luuk !<\/p>\n<p><span class=\"embed-youtube\" style=\"text-align:center; display: block;\"><iframe loading=\"lazy\" class=\"youtube-player\" width=\"640\" height=\"360\" src=\"https:\/\/www.youtube.com\/embed\/eB5tYmp8uqY?version=3&#038;rel=1&#038;showsearch=0&#038;showinfo=1&#038;iv_load_policy=1&#038;fs=1&#038;hl=en-US&#038;autohide=2&#038;wmode=transparent\" allowfullscreen=\"true\" style=\"border:0;\" sandbox=\"allow-scripts allow-same-origin allow-popups allow-presentation allow-popups-to-escape-sandbox\"><\/iframe><\/span><\/p>\n<div style=\"text-align: left;\">\u00a0Of Boaz die gewoon even dit presteert:<\/div>\n<div><\/div>\n<p><span class=\"embed-youtube\" style=\"text-align:center; display: block;\"><iframe loading=\"lazy\" class=\"youtube-player\" width=\"640\" height=\"360\" src=\"https:\/\/www.youtube.com\/embed\/e5rmyrLryFg?version=3&#038;rel=1&#038;showsearch=0&#038;showinfo=1&#038;iv_load_policy=1&#038;fs=1&#038;hl=en-US&#038;autohide=2&#038;wmode=transparent\" allowfullscreen=\"true\" style=\"border:0;\" sandbox=\"allow-scripts allow-same-origin allow-popups allow-presentation allow-popups-to-escape-sandbox\"><\/iframe><\/span><\/p>\n<p>De lessen met Bjorn worden geregeld &#8216;afgesloten&#8217; met een mooi gezamenlijk project:<\/p>\n<p><span class=\"embed-youtube\" style=\"text-align:center; display: block;\"><iframe loading=\"lazy\" class=\"youtube-player\" width=\"640\" height=\"360\" src=\"https:\/\/www.youtube.com\/embed\/zN-pb8kpEbU?version=3&#038;rel=1&#038;showsearch=0&#038;showinfo=1&#038;iv_load_policy=1&#038;fs=1&#038;hl=en-US&#038;autohide=2&#038;wmode=transparent&#038;listType=playlist&#038;list=PLflRmdQ10ic_MKqMYVVbJqWRkZFb4Jflq\" allowfullscreen=\"true\" style=\"border:0;\" sandbox=\"allow-scripts allow-same-origin allow-popups allow-presentation allow-popups-to-escape-sandbox\"><\/iframe><\/span><\/p>\n","protected":false},"excerpt":{"rendered":"<p>Wanneer en voor wie ? De lessen worden gegeven \u00e9\u00e9n op \u00e9\u00e9n, tot kleine groepjes van bij voorkeur niet meer dan 5 mensen. Er kan les worden genomen op een ruime keus aan percussie instrumenten en in diverse stijlen. Drumles hoort ook tot de mogelijkheden, maar gaat altijd \u00e9\u00e9n op \u00e9\u00e9n. Er is geen leeftijd grens. De jongste leerling nu is zeven en de oudste zestig plus. Toelatings eisen zijn er ook niet&#8230; <a href=\"https:\/\/www.percussieschool.com\/?page_id=8\">Read More<\/a><\/p>\n","protected":false},"author":1,"featured_media":0,"parent":445,"menu_order":0,"comment_status":"open","ping_status":"open","template":"","meta":{"jetpack_post_was_ever_published":false,"footnotes":""},"class_list":["post-8","page","type-page","status-publish","hentry"],"jetpack_sharing_enabled":true,"jetpack_shortlink":"https:\/\/wp.me\/P96C80-8","_links":{"self":[{"href":"https:\/\/www.percussieschool.com\/index.php?rest_route=\/wp\/v2\/pages\/8","targetHints":{"allow":["GET"]}}],"collection":[{"href":"https:\/\/www.percussieschool.com\/index.php?rest_route=\/wp\/v2\/pages"}],"about":[{"href":"https:\/\/www.percussieschool.com\/index.php?rest_route=\/wp\/v2\/types\/page"}],"author":[{"embeddable":true,"href":"https:\/\/www.percussieschool.com\/index.php?rest_route=\/wp\/v2\/users\/1"}],"replies":[{"embeddable":true,"href":"https:\/\/www.percussieschool.com\/index.php?rest_route=%2Fwp%2Fv2%2Fcomments&post=8"}],"version-history":[{"count":24,"href":"https:\/\/www.percussieschool.com\/index.php?rest_route=\/wp\/v2\/pages\/8\/revisions"}],"predecessor-version":[{"id":1230,"href":"https:\/\/www.percussieschool.com\/index.php?rest_route=\/wp\/v2\/pages\/8\/revisions\/1230"}],"up":[{"embeddable":true,"href":"https:\/\/www.percussieschool.com\/index.php?rest_route=\/wp\/v2\/pages\/445"}],"wp:attachment":[{"href":"https:\/\/www.percussieschool.com\/index.php?rest_route=%2Fwp%2Fv2%2Fmedia&parent=8"}],"curies":[{"name":"wp","href":"https:\/\/api.w.org\/{rel}","templated":true}]}}